{"id":2197,"date":"2021-05-05T08:56:19","date_gmt":"2021-05-05T08:56:19","guid":{"rendered":"https:\/\/www.100ansdeviescommunes.be\/activiteiten\/expositions\/"},"modified":"2021-09-06T13:21:34","modified_gmt":"2021-09-06T13:21:34","slug":"tentoonstellingen","status":"publish","type":"page","link":"https:\/\/www.100ansdeviescommunes.be\/nl\/activiteiten\/tentoonstellingen\/","title":{"rendered":"De tentoonstellingen"},"content":{"rendered":"\t\t<div data-elementor-type=\"wp-page\" data-elementor-id=\"2197\" data-post-id=\"2197\" data-obj-id=\"2197\" class=\"elementor elementor-2197 dce-elementor-post-2197 elementor-1773\">\n\t\t\t\t\t\t\t\t\t<section class=\"elementor-section elementor-top-section elementor-element elementor-element-5a11ef42 elementor-section-boxed elementor-section-height-default elementor-section-height-default\" data-id=\"5a11ef42\" data-element_type=\"section\">\n\t\t\t\t\t\t<div class=\"elementor-container elementor-column-gap-default\">\n\t\t\t\t\t<div class=\"elementor-column elementor-col-100 elementor-top-column elementor-element elementor-element-427b631b\" data-id=\"427b631b\" data-element_type=\"column\">\n\t\t\t<div class=\"elementor-widget-wrap elementor-element-populated\">\n\t\t\t\t\t\t\t\t<div class=\"elementor-element elementor-element-4cec3da1 elementor-widget elementor-widget-heading\" data-id=\"4cec3da1\" data-element_type=\"widget\" data-widget_type=\"heading.default\">\n\t\t\t\t<div class=\"elementor-widget-container\">\n\t\t\t<h1 class=\"elementor-heading-title elementor-size-default\">De tentoonstellingen<\/h1>\t\t<\/div>\n\t\t\t\t<\/div>\n\t\t\t\t<div class=\"elementor-element elementor-element-21d88908 elementor-widget elementor-widget-text-editor\" data-id=\"21d88908\" data-element_type=\"widget\" data-widget_type=\"text-editor.default\">\n\t\t\t\t<div class=\"elementor-widget-container\">\n\t\t\t\t\t\t\t<p>Er zijn verschillende <strong>TENTOONSTELLINGEN<\/strong> gepland rond het jubileum van de fusie van de gemeenten:<\/p>\t\t\t\t\t\t<\/div>\n\t\t\t\t<\/div>\n\t\t\t\t<div class=\"elementor-element elementor-element-22ba2d43 elementor-widget elementor-widget-heading\" data-id=\"22ba2d43\" data-element_type=\"widget\" data-widget_type=\"heading.default\">\n\t\t\t\t<div class=\"elementor-widget-container\">\n\t\t\t<h2 class=\"elementor-heading-title elementor-size-default\">De 3 voormalige gemeenten gezien door de ogen van de inwoners: vervlochten wegen<\/h2>\t\t<\/div>\n\t\t\t\t<\/div>\n\t\t\t\t<div class=\"elementor-element elementor-element-a7c4929 elementor-widget elementor-widget-heading\" data-id=\"a7c4929\" data-element_type=\"widget\" data-widget_type=\"heading.default\">\n\t\t\t\t<div class=\"elementor-widget-container\">\n\t\t\t<div class=\"elementor-heading-title elementor-size-default\">Door de Dienst Cultuur van de Stad Brussel<\/div>\t\t<\/div>\n\t\t\t\t<\/div>\n\t\t\t\t<div class=\"elementor-element elementor-element-136988bf elementor-widget elementor-widget-text-editor\" data-id=\"136988bf\" data-element_type=\"widget\" data-widget_type=\"text-editor.default\">\n\t\t\t\t<div class=\"elementor-widget-container\">\n\t\t\t\t\t\t\t<p>Op 30 maart 1921 fuseerden Brussel, Laken, Neder-Over-Heembeek en Haren om zo de Stad Brussel te vormen die wij vandaag kennen.<\/p><p>Naast de vele activiteiten die de Stad Brussel organiseerde om dit eeuwfeest te vieren, vonden deze zomer ook gratis artistieke wandelingen plaats in het hart van deze wijken, begeleid door enerzijds de kunstenares Caroline La M\u00e9haut\u00e9 en anderzijds door het collectief Oiseaux Sans T\u00eates.<\/p><p>Deze tentoonstelling presenteert het resultaat van deze wandelingen: foto\u2019s, tekeningen, cyanotype prints, teksten. Kruispunten, onbekende wegen, onverwachte poses: zoveel momenten om voor altijd te onthouden en om vandaag te delen.<\/p><h5 class=\"h5first\">Haren<\/h5><ul><li>van 3 tot 7.09 : GC De Linde, Kortenbachstraat 7, alle dagen van 11 tot 18 u.<ul><li>vernissage op 3.09 om 19u30.<\/li><\/ul><\/li><\/ul><h5 class=\"h5first\">Laken<\/h5><ul><li>van 18 tot 19.09 : Maison de la Cr\u00e9ation Gare, Kerkveldstraat 2, maandag, dinsdag donderdag en vrijdag van 9u30 tot 16u30<ul><li>vernissage op 3.09 om 19u30.<\/li><\/ul><\/li><\/ul><ul><li>van 11 tot 23.10 : GC Nekkersdal, E. Bockstaellaan 107, van maandag tot vrijdag van 9 tot 18 u. \u2013 zaterdag van 10 tot 12 u.<\/li><\/ul><h5 class=\"h5first\">Neder-Over-Heembeek<\/h5><ul><li>van 22 tot 29.09 : GC Nohva, Peter Benoitplein 22, dinsdag, woensdag, donderdag van 9u tot 17u, zaterdag van 9 tot 12u.<\/li><li>van 26 tot 31.10 : Maison de la Cr\u00e9ation, Sint-Niklaasplein alle dagen van 11 tot 17 u.<\/li><\/ul><h5 class=\"h5first\">Veel dank aan onze partners<\/h5><p><em>Centres culturels De Linde, NOHVA, Nekkersdal, Maison de la cr\u00e9ation<\/em><br \/><em>Laeken d\u00e9couverte asbl \/ vzw<\/em><br \/><em>Les Oiseaux sans T\u00eate<\/em><br \/><em>Caroline le M\u00e9haut\u00e9\u00a0<\/em><\/p>\t\t\t\t\t\t<\/div>\n\t\t\t\t<\/div>\n\t\t\t\t<div class=\"elementor-element elementor-element-74e6cd9 elementor-widget elementor-widget-heading\" data-id=\"74e6cd9\" data-element_type=\"widget\" data-widget_type=\"heading.default\">\n\t\t\t\t<div class=\"elementor-widget-container\">\n\t\t\t<h2 class=\"elementor-heading-title elementor-size-default\">De bewoners aan het woord <\/h2>\t\t<\/div>\n\t\t\t\t<\/div>\n\t\t\t\t<div class=\"elementor-element elementor-element-69f5e71 elementor-widget elementor-widget-heading\" data-id=\"69f5e71\" data-element_type=\"widget\" data-widget_type=\"heading.default\">\n\t\t\t\t<div class=\"elementor-widget-container\">\n\t\t\t<div class=\"elementor-heading-title elementor-size-default\">Door de Musea van de Stad Brussel<\/div>\t\t<\/div>\n\t\t\t\t<\/div>\n\t\t\t\t<div class=\"elementor-element elementor-element-5d89320 elementor-widget elementor-widget-text-editor\" data-id=\"5d89320\" data-element_type=\"widget\" data-widget_type=\"text-editor.default\">\n\t\t\t\t<div class=\"elementor-widget-container\">\n\t\t\t\t\t\t\t<p>Het Museum van de Stad Brussel doet onderzoek naar de identiteit van de huidige inwoners van de drie voormalige gemeenten: Laken, Neder-Over-Heembeek en Haren. De verzamelde getuigenissen worden gearchiveerd door het Archief van de Stad Brussel. Vervolgens zal een selectie worden gemaakt op basis van tien thema\u2019s (erfgoed, huisvesting, mobiliteit, onderwijs, enz.).<\/p><p>Deze zal worden gepubliceerd op een website en vormt het onderwerp van tentoonstellingen in de betrokken gemeenten.<\/p>\t\t\t\t\t\t<\/div>\n\t\t\t\t<\/div>\n\t\t\t\t<div class=\"elementor-element elementor-element-d3f39f0 elementor-widget elementor-widget-heading\" data-id=\"d3f39f0\" data-element_type=\"widget\" data-widget_type=\"heading.default\">\n\t\t\t\t<div class=\"elementor-widget-container\">\n\t\t\t<h3 class=\"elementor-heading-title elementor-size-default\">Het betreft met andere woorden een participatief project dat in vier fasen zal verlopen <\/h3>\t\t<\/div>\n\t\t\t\t<\/div>\n\t\t\t\t<div class=\"elementor-element elementor-element-1fdcc1a1 souspoint4 elementor-widget elementor-widget-text-editor\" data-id=\"1fdcc1a1\" data-element_type=\"widget\" data-widget_type=\"text-editor.default\">\n\t\t\t\t<div class=\"elementor-widget-container\">\n\t\t\t\t\t\t\t<ol>\n \t<li>Ontmoetingen met de bewoners zullen ons in de eerste plaats in staat stellen mondelinge en fotografische getuigenissen te verzamelen. In Laken staan ze gepland voor maart en april, in Neder-Over-Heembeek voor mei en in Haren voor juni.<\/li>\n \t<li>Deze getuigenissen zullen worden gearchiveerd door het Archief van de Stad Brussel.<\/li>\n \t<li>In mei (in Laken), juni (in NOH) en juli (in Haren) zal een selectie worden belicht op de website van het Museum van de Stad Brussel: <a href=\"https:\/\/www.brusselscitymuseum.brussels\/nl\/\" target=\"_blank\" rel=\"nofollow noopener\">www.brusselscitymuseum.brussels<\/a>.\nDrie plaatselijke verenigingen (Laken Ontdekt, LACA en De Groene Wandeling) zullen er een zorgvuldige historische synthese bij maken.<\/li>\n \t<li>Ter afronding van dit mooie initiatief zullen in de plaatselijke culturele centra tentoonstellingen worden gehouden:<\/li>\n<\/ol>\n<h5 class=\"h5first\">Laken<\/h5>\n<ul>\n \t<li>Van 4 tot 25.09: GC Nekkersdal, E. Bockstaellaan 107 <i>Van maandag tot vrijdag van 9 tot 18 u. \u2013 zaterdag van 10 tot 12 u.<\/i><\/li>\n \t<li>Van 1 tot 31.10: Maison de la Cr\u00e9ation, E. Bockstaelplein <i>alle dagen van 11 tot 17 u.<\/i><\/li>\n<\/ul>\n<h5>Neder-Over-Heembeek<\/h5>\n<ul>\n \t<li>Van 1 tot 29 oktober: GC Nohva, Lendrik, Peter Benoitplein 22 <i> Maandag en vrijdag van 9 tot 19 u. \u2013 dinsdag, woensdag, donderdag van 9 tot 17 u., zaterdag van 9 tot 12 u.<\/i><\/li>\n \t<li>Van 4 tot 30.11: Maison de la Cr\u00e9ation, Saint-Nikolaasplein <i>alle dagen van 11 tot 17 u.<\/i><\/li>\n<\/ul>\n<h5>Haren<\/h5>\n<ul>\n \t<li>Van 12 tot 30.11: GC De Linde, Cortenbachstraat 7 <i>alle dagen van 11 tot 18 u.<\/i><\/li>\n<\/ul>\t\t\t\t\t\t<\/div>\n\t\t\t\t<\/div>\n\t\t\t\t<div class=\"elementor-element elementor-element-52f7215 elementor-widget elementor-widget-heading\" data-id=\"52f7215\" data-element_type=\"widget\" data-widget_type=\"heading.default\">\n\t\t\t\t<div class=\"elementor-widget-container\">\n\t\t\t<h2 class=\"elementor-heading-title elementor-size-default\">Getuigen van gisteren en vandaag <\/h2>\t\t<\/div>\n\t\t\t\t<\/div>\n\t\t\t\t<div class=\"elementor-element elementor-element-1f4e69f elementor-widget elementor-widget-heading\" data-id=\"1f4e69f\" data-element_type=\"widget\" data-widget_type=\"heading.default\">\n\t\t\t\t<div class=\"elementor-widget-container\">\n\t\t\t<div class=\"elementor-heading-title elementor-size-default\">Door de dienst Archief van de Stad Brussel<\/div>\t\t<\/div>\n\t\t\t\t<\/div>\n\t\t\t\t<div class=\"elementor-element elementor-element-0ce41fb elementor-widget elementor-widget-text-editor\" data-id=\"0ce41fb\" data-element_type=\"widget\" data-widget_type=\"text-editor.default\">\n\t\t\t\t<div class=\"elementor-widget-container\">\n\t\t\t\t\t\t\t<p>Inventarisatie en bewaring van de archieven van Haren, Laken en Neder-Over-Heembeek.<\/p><p>De archieven van deze drie gemeenten van v\u00f3\u00f3r 1921 zijn momenteel weinig bekend en moeilijk toegankelijk.<\/p><p>In het kader van de 100e verjaardag van de fusie van de gemeenten zal de Archiefdienst van de Stad Brussel zich inspannen om deze documenten te inventariseren en onder de aandacht te brengen bij het publiek, met name via de website.<\/p><p>Tot 31.01.2022 \u2013 <a href=\"https:\/\/archief.brussel.be\/\" target=\"_blank\" rel=\"nofollow noopener\">archives.bruxelles.be<\/a>.<\/p>\t\t\t\t\t\t<\/div>\n\t\t\t\t<\/div>\n\t\t\t\t\t<\/div>\n\t\t<\/div>\n\t\t\t\t\t\t\t<\/div>\n\t\t<\/section>\n\t\t\t\t\t\t\t<\/div>\n\t\t","protected":false},"excerpt":{"rendered":"<p>De tentoonstellingen Er zijn verschillende TENTOONSTELLINGEN gepland rond het jubileum van de fusie van de gemeenten: De 3 voormalige gemeenten gezien door de ogen van de inwoners: vervlochten wegen Door de Dienst Cultuur van de Stad Brussel Op 30 maart 1921 fuseerden Brussel, Laken, Neder-Over-Heembeek en Haren om zo de Stad Brussel te vormen die [&hellip;]<\/p>\n","protected":false},"author":4,"featured_media":0,"parent":2184,"menu_order":0,"comment_status":"closed","ping_status":"closed","template":"elementor_header_footer","meta":[],"yoast_head":"<!-- This site is optimized with the Yoast SEO plugin v20.5 - https:\/\/yoast.com\/wordpress\/plugins\/seo\/ -->\n<title>De tentoonstellingen - 100 ans de vies \u00ab communes \u00bb | Ville de Bruxelles<\/title>\n<meta name=\"robots\" content=\"index, follow, max-snippet:-1, max-image-preview:large, max-video-preview:-1\" \/>\n<link rel=\"canonical\" href=\"https:\/\/www.100ansdeviescommunes.be\/nl\/activiteiten\/tentoonstellingen\/\" \/>\n<meta property=\"og:locale\" content=\"nl_NL\" \/>\n<meta property=\"og:type\" content=\"article\" \/>\n<meta property=\"og:title\" content=\"De tentoonstellingen - 100 ans de vies \u00ab communes \u00bb | Ville de Bruxelles\" \/>\n<meta property=\"og:description\" content=\"De tentoonstellingen Er zijn verschillende TENTOONSTELLINGEN gepland rond het jubileum van de fusie van de gemeenten: De 3 voormalige gemeenten gezien door de ogen van de inwoners: vervlochten wegen Door de Dienst Cultuur van de Stad Brussel Op 30 maart 1921 fuseerden Brussel, Laken, Neder-Over-Heembeek en Haren om zo de Stad Brussel te vormen die [&hellip;]\" \/>\n<meta property=\"og:url\" content=\"https:\/\/www.100ansdeviescommunes.be\/nl\/activiteiten\/tentoonstellingen\/\" \/>\n<meta property=\"og:site_name\" content=\"100 ans de vies \u00ab communes \u00bb | Ville de Bruxelles\" \/>\n<meta property=\"article:modified_time\" content=\"2021-09-06T13:21:34+00:00\" \/>\n<meta name=\"twitter:card\" content=\"summary_large_image\" \/>\n<meta name=\"twitter:label1\" content=\"Geschatte leestijd\" \/>\n\t<meta name=\"twitter:data1\" content=\"3 minuten\" \/>\n<script type=\"application\/ld+json\" class=\"yoast-schema-graph\">{\"@context\":\"https:\/\/schema.org\",\"@graph\":[{\"@type\":\"WebPage\",\"@id\":\"https:\/\/www.100ansdeviescommunes.be\/nl\/activiteiten\/tentoonstellingen\/\",\"url\":\"https:\/\/www.100ansdeviescommunes.be\/nl\/activiteiten\/tentoonstellingen\/\",\"name\":\"De tentoonstellingen - 100 ans de vies \u00ab communes \u00bb | Ville de Bruxelles\",\"isPartOf\":{\"@id\":\"https:\/\/www.100ansdeviescommunes.be\/#website\"},\"datePublished\":\"2021-05-05T08:56:19+00:00\",\"dateModified\":\"2021-09-06T13:21:34+00:00\",\"breadcrumb\":{\"@id\":\"https:\/\/www.100ansdeviescommunes.be\/nl\/activiteiten\/tentoonstellingen\/#breadcrumb\"},\"inLanguage\":\"nl\",\"potentialAction\":[{\"@type\":\"ReadAction\",\"target\":[\"https:\/\/www.100ansdeviescommunes.be\/nl\/activiteiten\/tentoonstellingen\/\"]}]},{\"@type\":\"BreadcrumbList\",\"@id\":\"https:\/\/www.100ansdeviescommunes.be\/nl\/activiteiten\/tentoonstellingen\/#breadcrumb\",\"itemListElement\":[{\"@type\":\"ListItem\",\"position\":1,\"name\":\"Accueil\",\"item\":\"https:\/\/www.100ansdeviescommunes.be\/nl\/\"},{\"@type\":\"ListItem\",\"position\":2,\"name\":\"Activiteiten\",\"item\":\"https:\/\/www.100ansdeviescommunes.be\/nl\/activiteiten\/\"},{\"@type\":\"ListItem\",\"position\":3,\"name\":\"De tentoonstellingen\"}]},{\"@type\":\"WebSite\",\"@id\":\"https:\/\/www.100ansdeviescommunes.be\/#website\",\"url\":\"https:\/\/www.100ansdeviescommunes.be\/\",\"name\":\"100 ans de vies \u00ab communes \u00bb | Ville de Bruxelles\",\"description\":\"100 ans de la fusion entre Bruxelles, Laeken, Neder-Over-Heembeek et Haren.\",\"publisher\":{\"@id\":\"https:\/\/www.100ansdeviescommunes.be\/#organization\"},\"potentialAction\":[{\"@type\":\"SearchAction\",\"target\":{\"@type\":\"EntryPoint\",\"urlTemplate\":\"https:\/\/www.100ansdeviescommunes.be\/?s={search_term_string}\"},\"query-input\":\"required name=search_term_string\"}],\"inLanguage\":\"nl\"},{\"@type\":\"Organization\",\"@id\":\"https:\/\/www.100ansdeviescommunes.be\/#organization\",\"name\":\"Brussels Major Events\",\"url\":\"https:\/\/www.100ansdeviescommunes.be\/\",\"logo\":{\"@type\":\"ImageObject\",\"inLanguage\":\"nl\",\"@id\":\"https:\/\/www.100ansdeviescommunes.be\/#\/schema\/logo\/image\/\",\"url\":\"https:\/\/www.100ansdeviescommunes.be\/wp-content\/uploads\/2021\/04\/PP-facebok-BME2.jpg\",\"contentUrl\":\"https:\/\/www.100ansdeviescommunes.be\/wp-content\/uploads\/2021\/04\/PP-facebok-BME2.jpg\",\"width\":833,\"height\":833,\"caption\":\"Brussels Major Events\"},\"image\":{\"@id\":\"https:\/\/www.100ansdeviescommunes.be\/#\/schema\/logo\/image\/\"}}]}<\/script>\n<!-- \/ Yoast SEO plugin. -->","yoast_head_json":{"title":"De tentoonstellingen - 100 ans de vies \u00ab communes \u00bb | Ville de Bruxelles","robots":{"index":"index","follow":"follow","max-snippet":"max-snippet:-1","max-image-preview":"max-image-preview:large","max-video-preview":"max-video-preview:-1"},"canonical":"https:\/\/www.100ansdeviescommunes.be\/nl\/activiteiten\/tentoonstellingen\/","og_locale":"nl_NL","og_type":"article","og_title":"De tentoonstellingen - 100 ans de vies \u00ab communes \u00bb | Ville de Bruxelles","og_description":"De tentoonstellingen Er zijn verschillende TENTOONSTELLINGEN gepland rond het jubileum van de fusie van de gemeenten: De 3 voormalige gemeenten gezien door de ogen van de inwoners: vervlochten wegen Door de Dienst Cultuur van de Stad Brussel Op 30 maart 1921 fuseerden Brussel, Laken, Neder-Over-Heembeek en Haren om zo de Stad Brussel te vormen die [&hellip;]","og_url":"https:\/\/www.100ansdeviescommunes.be\/nl\/activiteiten\/tentoonstellingen\/","og_site_name":"100 ans de vies \u00ab communes \u00bb | Ville de Bruxelles","article_modified_time":"2021-09-06T13:21:34+00:00","twitter_card":"summary_large_image","twitter_misc":{"Geschatte leestijd":"3 minuten"},"schema":{"@context":"https:\/\/schema.org","@graph":[{"@type":"WebPage","@id":"https:\/\/www.100ansdeviescommunes.be\/nl\/activiteiten\/tentoonstellingen\/","url":"https:\/\/www.100ansdeviescommunes.be\/nl\/activiteiten\/tentoonstellingen\/","name":"De tentoonstellingen - 100 ans de vies \u00ab communes \u00bb | Ville de Bruxelles","isPartOf":{"@id":"https:\/\/www.100ansdeviescommunes.be\/#website"},"datePublished":"2021-05-05T08:56:19+00:00","dateModified":"2021-09-06T13:21:34+00:00","breadcrumb":{"@id":"https:\/\/www.100ansdeviescommunes.be\/nl\/activiteiten\/tentoonstellingen\/#breadcrumb"},"inLanguage":"nl","potentialAction":[{"@type":"ReadAction","target":["https:\/\/www.100ansdeviescommunes.be\/nl\/activiteiten\/tentoonstellingen\/"]}]},{"@type":"BreadcrumbList","@id":"https:\/\/www.100ansdeviescommunes.be\/nl\/activiteiten\/tentoonstellingen\/#breadcrumb","itemListElement":[{"@type":"ListItem","position":1,"name":"Accueil","item":"https:\/\/www.100ansdeviescommunes.be\/nl\/"},{"@type":"ListItem","position":2,"name":"Activiteiten","item":"https:\/\/www.100ansdeviescommunes.be\/nl\/activiteiten\/"},{"@type":"ListItem","position":3,"name":"De tentoonstellingen"}]},{"@type":"WebSite","@id":"https:\/\/www.100ansdeviescommunes.be\/#website","url":"https:\/\/www.100ansdeviescommunes.be\/","name":"100 ans de vies \u00ab communes \u00bb | Ville de Bruxelles","description":"100 ans de la fusion entre Bruxelles, Laeken, Neder-Over-Heembeek et Haren.","publisher":{"@id":"https:\/\/www.100ansdeviescommunes.be\/#organization"},"potentialAction":[{"@type":"SearchAction","target":{"@type":"EntryPoint","urlTemplate":"https:\/\/www.100ansdeviescommunes.be\/?s={search_term_string}"},"query-input":"required name=search_term_string"}],"inLanguage":"nl"},{"@type":"Organization","@id":"https:\/\/www.100ansdeviescommunes.be\/#organization","name":"Brussels Major Events","url":"https:\/\/www.100ansdeviescommunes.be\/","logo":{"@type":"ImageObject","inLanguage":"nl","@id":"https:\/\/www.100ansdeviescommunes.be\/#\/schema\/logo\/image\/","url":"https:\/\/www.100ansdeviescommunes.be\/wp-content\/uploads\/2021\/04\/PP-facebok-BME2.jpg","contentUrl":"https:\/\/www.100ansdeviescommunes.be\/wp-content\/uploads\/2021\/04\/PP-facebok-BME2.jpg","width":833,"height":833,"caption":"Brussels Major Events"},"image":{"@id":"https:\/\/www.100ansdeviescommunes.be\/#\/schema\/logo\/image\/"}}]}},"_links":{"self":[{"href":"https:\/\/www.100ansdeviescommunes.be\/nl\/wp-json\/wp\/v2\/pages\/2197"}],"collection":[{"href":"https:\/\/www.100ansdeviescommunes.be\/nl\/wp-json\/wp\/v2\/pages"}],"about":[{"href":"https:\/\/www.100ansdeviescommunes.be\/nl\/wp-json\/wp\/v2\/types\/page"}],"author":[{"embeddable":true,"href":"https:\/\/www.100ansdeviescommunes.be\/nl\/wp-json\/wp\/v2\/users\/4"}],"replies":[{"embeddable":true,"href":"https:\/\/www.100ansdeviescommunes.be\/nl\/wp-json\/wp\/v2\/comments?post=2197"}],"version-history":[{"count":40,"href":"https:\/\/www.100ansdeviescommunes.be\/nl\/wp-json\/wp\/v2\/pages\/2197\/revisions"}],"predecessor-version":[{"id":3253,"href":"https:\/\/www.100ansdeviescommunes.be\/nl\/wp-json\/wp\/v2\/pages\/2197\/revisions\/3253"}],"up":[{"embeddable":true,"href":"https:\/\/www.100ansdeviescommunes.be\/nl\/wp-json\/wp\/v2\/pages\/2184"}],"wp:attachment":[{"href":"https:\/\/www.100ansdeviescommunes.be\/nl\/wp-json\/wp\/v2\/media?parent=2197"}],"curies":[{"name":"wp","href":"https:\/\/api.w.org\/{rel}","templated":true}]}}